{"id":7172,"date":"2015-02-16T08:15:41","date_gmt":"2015-02-15T19:15:41","guid":{"rendered":"http:\/\/www.pia-roeder.de\/?page_id=7172"},"modified":"2015-02-16T08:23:40","modified_gmt":"2015-02-15T19:23:40","slug":"skydive-franz-de","status":"publish","type":"page","link":"https:\/\/www.pia-roeder.de\/de\/skydive-franz-de\/","title":{"rendered":"Und eins f\u00fchrt zum anderen &#8230;"},"content":{"rendered":"<p>Okay, dazu gibt&#8217;s eine Geschichte. Ist ja\u00a0irgendwie immer so. Diese Geschichte beginnt im Mai 2014, als ich in eine Bar in Christchurch ging, um jemanden zu treffen. Und jetzt, neun Monate sp\u00e4ter, springe ich aus einem Flugzeug aus fast 6 Kilometer H\u00f6he. Und nur, weil ich damals Rob getroffen habe.<br \/>\n<!--more--><\/p>\n<p><iframe loading=\"lazy\" src=\"https:\/\/www.youtube.com\/embed\/Mqh82uTOlDc?showinfo=0\" width=\"750\" height=\"422\" frameborder=\"0\" allowfullscreen=\"allowfullscreen\"><\/iframe><\/p>\n<p>Eigentlich war Rob nicht derjenige, den ich dort treffen sollte. Ich erspare Euch die Details. Alles, was Ihr wissen m\u00fcsst: In dieser Nacht wurde ich obdachlos. Mein sehr komfortables Mitbewohner-\u00dcbereinkommen\u00a0hat sich im Nichts aufgel\u00f6st und daheimbleiben war eher keine Option, ausgehen indes sehr wohl. Und da ich ja eh eingeladen war \u2026<\/p>\n<p>Mir gef\u00e4llt die Idee, dass jede Aktion, jeden Schritt, den man geht, verbunden ist. Du bist die Puppe und der Puppenspieler. Du ziehst an deinen eigenen Strippen und diese Strippen bilden zusammen den roten Faden, der sich durch dein ganzes Leben zieht. In der Retrospektive kannst du nachvollziehen, wie dich deine Entscheidungen zu den richtigen Menschen gef\u00fchrt haben. Diese Menschen haben dir die Richtung gewiesen. Aber es liegt ganz an dir, den Schritt nach vorne zu machen.<\/p>\n<p>In dieser kalten, klammen Nacht im Sp\u00e4therbst, bin ich losgelaufen: aus der T\u00fcr, Madras Street runter, hinein in <a title=\"Winnie Bagoes, Christchurch\" href=\"http:\/\/www.winniebagoes.co.nz\/\" target=\"_blank\">Winnie Bagoes<\/a>. Nach meinem zweiten Drink \u2013 oh, wie n\u00f6tig das war \u2013 habe ich Rob getroffen, der Freund eines Kollegen eines Kollegen. Das \u00dcbliche. Und weil sich alles immer zum Guten wendet, wurde Rob mein neuer Mitbewohner.<\/p>\n<p>Rob ist Pilot und Piloten neigen dazu, mit anderen Piloten rumzuh\u00e4ngen. Das gilt gleichsam f\u00fcr Journalisten, wie Mediziner und Bestatter \u2013 wenn du die gleiche Ausbildung genossen hast \u2026 egal. Okay, also Pilot Rob ist der beste Kumpel von Pilot James. Pilot James hat ein Skydiving-Unternehmen unten in Franz Josef, dort wo Neuseeland l\u00e4cherlich atemberaubend aussieht.<\/p>\n<p>2010 hat James sein Unternehmen <em>Skydive Franz<\/em> gegr\u00fcndet. Das Gesch\u00e4ftsmodell: Touristen lobotomieren, indem man sie hochfliegt und dann aus dem Flugzeug wirft. <em>Skydive Franz<\/em> bietet den h\u00f6chsten Fallschirmsprung in der s\u00fcdlichen Hemisph\u00e4re an: 5,7 km \u00fcber Normalnull, freier Fall, gratis Sauerstoff, kein Vorab-Training n\u00f6tig. Ganz reizend.<\/p>\n<p>\u201cSolltest du mal unten an der Westk\u00fcste sein \u2026\u201d, hat Rob im Juni gesagt. \u201eJa, schau\u2019n mer mal\u2026 aber danke f\u00fcrs Angebot!\u201c So richtig \u00fcberzeugt davon, wie ein nasser Sack Richtung Boden zu rauschen, war ich irgendwie nicht.<\/p>\n<p>Und hier sitz&#8216; ich nun, in einer winzigen Propellermaschine, gut sechs Kilometer \u00fcber Neuseelands Westk\u00fcste, meine R\u00fcckseite eng geschn\u00fcrt an einen Kerl, den ich gerade erst kennengelernt habe. Er hei\u00dft Dan und er wird mit mir springen. Gl\u00fccklicherweise hat er so etwas schon mal gemacht, ein halbes Dutzend Mal allein heute, und es ist gerade einmal 1 Uhr am fr\u00fchen Nachmittag. Er durfte schon Hunderte Male springen, \u00fcberall auf der Welt. Das ist alles, was ich gerade jetzt wissen muss.<\/p>\n<p>Ein Schritt nach vorne, und was folgt, sind 90 Sekunden v\u00f6llig wahnsinniger Adrenalin-Rausch. Und eine Menge Spucke in meinem Gesicht, die mich aussehen l\u00e4sst, wie die ber\u00fchmte fliegende Nutte.<\/p>\n<p>Dan ist mein Puppenspieler. Er zieht an den Strippen, l\u00f6st den Fallschirm aus, und wir gleiten. Ich hab darauf keinen Einfluss, bin es nicht gewohnt, keine Kontrolle \u00fcber mein eigenes Leben zu haben. Ich f\u00fchle mich wie ein besoffener Depp, mein Hirn funktioniert nicht mehr. Ich plapper und plapper, mehr als sonst. Ich sage Dan, dass ich ihn liebe. Er lacht und bedankt sich. Das ist peinlich. Das ist gro\u00dfartig!<\/p>\n<p>Vor neun Monaten hab ich einen Schritt nach drau\u00dfen gewagt und habe eine neue Richtung eingeschlagen. Diese Entscheidung hat mir 2,5 Minuten pures Gl\u00fcck beschert. Vor eineinhalb Jahren habe ich in Norwegen diesen Tschechen kennengelernt. Er meinte, dass Neuseeland ganz sch\u00f6n sei. Ich soll doch irgendwann mal dort vorbeischauen. Gut, das ist eine andere Geschichte. <a title=\"pia-roeder.de - Kategorie Neuseeland\" href=\"http:\/\/www.pia-roeder.de\/category\/neuseeland\/\" target=\"_blank\">Ich erspar Euch die Details.<\/a><\/p>\n<hr \/>\n<span class=\"label label-danger\">Disclaimer<\/span>\n<p>Ich habe KEINEN Wingsuit getragen. Das war\u00a0ein normaler Jumpsuit. Mein Fehler, aber ich hab mir in diesem Moment fast in\u00a0die Hosen gemacht. Das Gef\u00fchl ist recht schnell verschwunden, dank den sehr entspannten und unterhaltsamen Jungs von <em>Skydive Franz<\/em>. Solltet ihr jemals in Franz Josef sein, schaut dort vorbei, gr\u00fc\u00dft sch\u00f6n von mir und springt!<\/p>\n<p><a title=\"www.skydivefranz.co.nz\" href=\"http:\/\/www.skydivefranz.co.nz\/\" target=\"_blank\">www.skydivefranz.co.nz<\/a><\/p>\n<hr \/>\n<p><iframe loading=\"lazy\" style=\"border: 0;\" src=\"https:\/\/www.google.com\/maps\/embed?pb=!1m14!1m8!1m3!1d11597.834823423136!2d170.181977!3d-43.388341!3m2!1i1024!2i768!4f13.1!3m3!1m2!1s0x0%3A0x2ee8f8f5b2bef5ee!2sSkydive+Franz!5e0!3m2!1sde!2snz!4v1423795313577\" width=\"750\" height=\"375\" frameborder=\"0\"><\/iframe><\/p>\n","protected":false},"excerpt":{"rendered":"<p>Okay, dazu gibt&#8217;s eine Geschichte. Ist ja\u00a0irgendwie immer so. Diese Geschichte beginnt im Mai 2014, als ich in eine Bar in Christchurch ging, um jemanden zu treffen. Und jetzt, neun Monate sp\u00e4ter, springe ich aus einem Flugzeug aus fast 6 Kilometer H\u00f6he. Und nur, weil ich damals Rob getroffen habe.<\/p>\n","protected":false},"author":1,"featured_media":7148,"parent":0,"menu_order":0,"comment_status":"open","ping_status":"open","template":"","meta":{"footnotes":""},"class_list":["post-7172","page","type-page","status-publish","has-post-thumbnail","hentry","post-has-thumbnail"],"_links":{"self":[{"href":"https:\/\/www.pia-roeder.de\/de\/wp-json\/wp\/v2\/pages\/7172","targetHints":{"allow":["GET"]}}],"collection":[{"href":"https:\/\/www.pia-roeder.de\/de\/wp-json\/wp\/v2\/pages"}],"about":[{"href":"https:\/\/www.pia-roeder.de\/de\/wp-json\/wp\/v2\/types\/page"}],"author":[{"embeddable":true,"href":"https:\/\/www.pia-roeder.de\/de\/wp-json\/wp\/v2\/users\/1"}],"replies":[{"embeddable":true,"href":"https:\/\/www.pia-roeder.de\/de\/wp-json\/wp\/v2\/comments?post=7172"}],"version-history":[{"count":8,"href":"https:\/\/www.pia-roeder.de\/de\/wp-json\/wp\/v2\/pages\/7172\/revisions"}],"predecessor-version":[{"id":7185,"href":"https:\/\/www.pia-roeder.de\/de\/wp-json\/wp\/v2\/pages\/7172\/revisions\/7185"}],"wp:featuredmedia":[{"embeddable":true,"href":"https:\/\/www.pia-roeder.de\/de\/wp-json\/wp\/v2\/media\/7148"}],"wp:attachment":[{"href":"https:\/\/www.pia-roeder.de\/de\/wp-json\/wp\/v2\/media?parent=7172"}],"curies":[{"name":"wp","href":"https:\/\/api.w.org\/{rel}","templated":true}]}}