{"id":5534,"date":"2013-12-17T23:43:47","date_gmt":"2013-12-17T22:43:47","guid":{"rendered":"http:\/\/www.pia-roeder.de\/?page_id=5534"},"modified":"2021-06-02T15:38:53","modified_gmt":"2021-06-02T13:38:53","slug":"leistungen","status":"publish","type":"page","link":"https:\/\/www.pia-roeder.de\/de\/leistungen\/","title":{"rendered":"Sch\u00f6ne Worte f\u00fcr Redaktion, PR und Werbung"},"content":{"rendered":"<p>Ich stehe f\u00fcr schnelle Jobs, einmalige Kampagnen und f\u00fcr Langzeitprojekte in den Bereichen Marketing, PR und Unternehmenskommunikation sowie Messeplanung zur Verf\u00fcgung.<\/p>\n<div class=\"row\">\n<p><div class=\"col-md-4\">\n<h6 style=\"text-align: center; margin-top: 20px;\">Content-Konzeption<\/h6>\n<p style=\"text-align: center;\">Jeder Text ist ein Projekt. Als Interim steuere ich die Content-Produktion und baue Prozesse daf\u00fcr auf.<\/p>\n<p><\/p><\/div><\/p>\n<p><div class=\"col-md-4\">\n<h6 style=\"text-align: center; margin-top: 20px;\">Werbetext<\/h6>\n<p style=\"text-align: center;\">Sie haben das Produkt, ich schreibe dazu sch\u00f6ne Worte f\u00fcr Web und Print &#8211; passend zur Zielgruppe.<\/p>\n<p><\/p><\/div><\/p>\n<p><div class=\"col-md-4\">\n<h6 style=\"text-align: center; margin-top: 20px;\">Messeplanung<\/h6>\n<p style=\"text-align: center;\">Ich plane Messen von A wie Ausstellerausweis bis Z wie Zusammenpacken, wenn alles vorbei ist.<\/p>\n<p><\/p><\/div><\/p>\n<p><div class=\"col-md-4\">\n<h6 style=\"text-align: center; margin-top: 20px;\">Redaktion<\/h6>\n<p style=\"text-align: center;\">Spannende News, Portr\u00e4ts, Interviews und treffsicherer PR r\u00fccken Ihre Themen ins rechte Licht.<\/p>\n<p><\/p><\/div><\/p>\n<p><div class=\"col-md-4\">\n<h6 style=\"text-align: center; margin-top: 20px;\">Lektorat<\/h6>\n<p style=\"text-align: center;\">Sch\u00f6ne Worte haben Stil und keine Fehler. Ich r\u00e4ume Text auf und poliere ihn, bis er gl\u00e4nzt.<\/p>\n<p><\/p><\/div><\/p>\n<p><br class=\"nc\"\/><div class=\"col-md-4\">\n<h6 style=\"text-align: center; margin-top: 20px;\">\u00dcbersetzung<\/h6>\n<p style=\"text-align: center;\">My English is not for runaways. Ich \u00fcbersetze Text vom Deutschen ins Englische und umgekehrt.<\/p>\n<p><\/p><\/div><\/p>\n<p><\/p><\/div>\n\n\n<hr class=\"wp-block-separator\"\/>\n\n\n\n<p class=\"has-text-align-center\"> <em>Interessiert? <\/em><a rel=\"noreferrer noopener\" href=\"http:\/\/www.pia-roeder.de\/kontakt\/\" target=\"_blank\"><em>Erz\u00e4hlen Sie mir von Ihrem Projekt<\/em><\/a><em>, und ich mache Ihnen ein unverbindliches Angebot.  Meinen Lebenslauf sende ich Ihnen auf Anfrage gerne zu.<\/em><\/p>\n","protected":false},"excerpt":{"rendered":"<p>Ich stehe f\u00fcr schnelle Jobs, einmalige Kampagnen und f\u00fcr Langzeitprojekte in den Bereichen Marketing, PR und Unternehmenskommunikation sowie Messeplanung zur Verf\u00fcgung. Interessiert? Erz\u00e4hlen Sie mir von Ihrem Projekt, und ich mache Ihnen ein unverbindliches Angebot. Meinen Lebenslauf sende ich Ihnen auf Anfrage gerne zu.<\/p>\n","protected":false},"author":1,"featured_media":0,"parent":0,"menu_order":0,"comment_status":"closed","ping_status":"open","template":"","meta":{"footnotes":""},"class_list":["post-5534","page","type-page","status-publish","hentry"],"_links":{"self":[{"href":"https:\/\/www.pia-roeder.de\/de\/wp-json\/wp\/v2\/pages\/5534","targetHints":{"allow":["GET"]}}],"collection":[{"href":"https:\/\/www.pia-roeder.de\/de\/wp-json\/wp\/v2\/pages"}],"about":[{"href":"https:\/\/www.pia-roeder.de\/de\/wp-json\/wp\/v2\/types\/page"}],"author":[{"embeddable":true,"href":"https:\/\/www.pia-roeder.de\/de\/wp-json\/wp\/v2\/users\/1"}],"replies":[{"embeddable":true,"href":"https:\/\/www.pia-roeder.de\/de\/wp-json\/wp\/v2\/comments?post=5534"}],"version-history":[{"count":106,"href":"https:\/\/www.pia-roeder.de\/de\/wp-json\/wp\/v2\/pages\/5534\/revisions"}],"predecessor-version":[{"id":8911,"href":"https:\/\/www.pia-roeder.de\/de\/wp-json\/wp\/v2\/pages\/5534\/revisions\/8911"}],"wp:attachment":[{"href":"https:\/\/www.pia-roeder.de\/de\/wp-json\/wp\/v2\/media?parent=5534"}],"curies":[{"name":"wp","href":"https:\/\/api.w.org\/{rel}","templated":true}]}}