{"id":2,"date":"2008-04-04T15:34:43","date_gmt":"2008-04-04T13:34:43","guid":{"rendered":"http:\/\/wp1103746.wp140.webpack.hosteurope.de\/?page_id=2"},"modified":"2024-08-12T06:56:24","modified_gmt":"2024-08-12T04:56:24","slug":"impressum","status":"publish","type":"page","link":"https:\/\/www.pia-roeder.de\/de\/impressum\/","title":{"rendered":"Impressum"},"content":{"rendered":"<h3>Verantwortlich f\u00fcr den Inhalt gem\u00e4\u00df Digitale-Dienste-Gesetz in \u00a7 5 DDG<\/h3>\n<p><strong>Pia Sarah Eiko R\u00f6der<\/strong> \/\/ Dipl. Online-Journalistin FH (Hochschule Darmstadt)<br \/>\nMainstra\u00dfe 115<br \/>\nD-64747 Breuberg<\/p>\n<p>T: +49 178 6784097<br \/>\nE: <a href=\"mailto:office@pia-roeder.de\">office@pia-roeder.de<\/a><\/p>\n<p>Meine Umsatzsteuer-Identifikationsnummer gibt&#8217;s auf Anfrage.<\/p>\n<h3>Haftungshinweis<\/h3>\n<p>Es wird keine Haftung f\u00fcr die Inhalte externer Links \u00fcbernommen. F\u00fcr den Inhalt der externen verlinkten Seiten sind ausschlie\u00dflich deren Betreiber verantwortlich. Beitr\u00e4ge und Kommentare auf www.pia-roeder.de geben ausschlie\u00dflich die Meinung der Autorin wieder.<\/p>\n<h3>Copyright<\/h3>\n<p>Diese Website und insbesondere deren Inhalte und Medien sind urheberrechtlich gesch\u00fctzt. Nachdruck, Vervielf\u00e4ltigung, Kopie oder Weitergabe von Inhalten und Medien ist nur mit Genehmigung des Urhebers gestattet. Das auszugsweise Zitieren (Kleinzitat) ist in Verbindung mit der deutlichen Angabe der Quelle gestattet und in Form einer nicht diffamierenden und nicht sinnver\u00e4ndernden Weise sogar erw\u00fcnscht. Jeder kommerzielle Weitervertrieb ist ausdr\u00fccklich verboten.<\/p>\n<h3>Bildnachweise<\/h3>\n<p><strong>Blog:<\/strong> <span class=\"st\">\u00a9<\/span> Pia R\u00f6der, wenn nicht anders angegeben. Bitte bei Widerverwertung auf mich als Rechteinhaber verweisen. Danke.<br \/>\n<strong>Portfolio: <\/strong> Keines der Bilder geh\u00f6rt mir. Das \u00a9 ist auf der jeweiligen Portfolio-Seite vermerkt.<\/p>\n","protected":false},"excerpt":{"rendered":"<p>Verantwortlich f\u00fcr den Inhalt gem\u00e4\u00df Digitale-Dienste-Gesetz in \u00a7 5 DDG Pia Sarah Eiko R\u00f6der \/\/ Dipl. Online-Journalistin FH (Hochschule Darmstadt) Mainstra\u00dfe 115 D-64747 Breuberg T: +49 178 6784097 E: office@pia-roeder.de Meine Umsatzsteuer-Identifikationsnummer gibt&#8217;s auf Anfrage. Haftungshinweis Es wird keine Haftung f\u00fcr die Inhalte externer Links \u00fcbernommen. F\u00fcr den Inhalt der externen verlinkten Seiten sind ausschlie\u00dflich deren Betreiber verantwortlich. Beitr\u00e4ge und Kommentare auf www.pia-roeder.de geben ausschlie\u00dflich die Meinung der Autorin wieder. Copyright Diese Website und insbesondere deren Inhalte und Medien sind&hellip;<\/p>\n","protected":false},"author":1,"featured_media":0,"parent":0,"menu_order":0,"comment_status":"closed","ping_status":"closed","template":"","meta":{"footnotes":""},"class_list":["post-2","page","type-page","status-publish","hentry"],"_links":{"self":[{"href":"https:\/\/www.pia-roeder.de\/de\/wp-json\/wp\/v2\/pages\/2","targetHints":{"allow":["GET"]}}],"collection":[{"href":"https:\/\/www.pia-roeder.de\/de\/wp-json\/wp\/v2\/pages"}],"about":[{"href":"https:\/\/www.pia-roeder.de\/de\/wp-json\/wp\/v2\/types\/page"}],"author":[{"embeddable":true,"href":"https:\/\/www.pia-roeder.de\/de\/wp-json\/wp\/v2\/users\/1"}],"replies":[{"embeddable":true,"href":"https:\/\/www.pia-roeder.de\/de\/wp-json\/wp\/v2\/comments?post=2"}],"version-history":[{"count":131,"href":"https:\/\/www.pia-roeder.de\/de\/wp-json\/wp\/v2\/pages\/2\/revisions"}],"predecessor-version":[{"id":9897,"href":"https:\/\/www.pia-roeder.de\/de\/wp-json\/wp\/v2\/pages\/2\/revisions\/9897"}],"wp:attachment":[{"href":"https:\/\/www.pia-roeder.de\/de\/wp-json\/wp\/v2\/media?parent=2"}],"curies":[{"name":"wp","href":"https:\/\/api.w.org\/{rel}","templated":true}]}}